{"id":39,"date":"2021-10-20T16:14:57","date_gmt":"2021-10-20T14:14:57","guid":{"rendered":"http:\/\/localhost\/wordpress\/?page_id=39"},"modified":"2024-01-30T18:18:25","modified_gmt":"2024-01-30T17:18:25","slug":"nos-beneficiaires","status":"publish","type":"page","link":"https:\/\/www.agir-ouestcotesdarmor.fr\/wp\/nos-beneficiaires\/","title":{"rendered":"Dans quels cas puis-je faire appel \u00e0 AGIR Ouest C\u00f4tes d&rsquo;Armor ?"},"content":{"rendered":"\n<h2 class=\"wp-block-heading\"><br>1) Pour b\u00e9n\u00e9ficier de nos services en tant que particulier :<\/h2>\n\n\n\n<p>Je suis \u00e9tudiant(e) et j&rsquo;aimerais qu&rsquo;on m&rsquo;aide \u00e0 <strong>pr\u00e9parer des entretiens<\/strong> en vue d&rsquo;un stage ou d&rsquo;un premier emploi : <a href=\"https:\/\/www.agir-ouestcotesdarmor.fr\/wp\/simulations-dentretiens\/\">Simulation d&rsquo;entretiens d&#8217;embauche<\/a>;<\/p>\n\n\n\n<p>je suis inscrit(e) \u00e0 Pole Emploi et j&rsquo;ai besoin notamment de conseils pour <strong>me pr\u00e9senter, refaire mon CV ou r\u00e9diger une lettre de motivation<\/strong>, pr\u00e9parer un entretien d&#8217;embauche.<\/p>\n\n\n\n<p><\/p>\n\n\n\n<p><strong>j&rsquo;ai un projet<\/strong> de cr\u00e9ation d&rsquo;entreprise (y compris en auto-entrepreneur) ou j&rsquo;ai besoin d&rsquo;un accompagnement pour mon entreprise r\u00e9cente : <a href=\"https:\/\/www.agir-ouestcotesdarmor.fr\/wp\/soutien-creation-entreprises\/\">Soutien des cr\u00e9ateurs d&rsquo;entreprise<\/a>.<\/p>\n\n\n\n<p><\/p>\n\n\n\n<h2 class=\"wp-block-heading\">2) Pour nous proposer de cr\u00e9er ensemble des actions pour vos publics :<br><\/h2>\n\n\n\n<ul class=\"wp-block-list\">\n<li>en tant qu&rsquo;Etablissement d&rsquo;enseignement sup\u00e9rieur ;<\/li>\n\n\n\n<li>en tant que Collectivit\u00e9 territoriale ;<\/li>\n\n\n\n<li>en tant qu&rsquo;Association de loisirs ou culturelle ;<\/li>\n\n\n\n<li>en tant qu&rsquo;Etablissement accueillant des personnes \u00e2g\u00e9es ou handicap\u00e9es par exemple.<\/li>\n<\/ul>\n\n\n\n<div class=\"wp-block-columns is-layout-flex wp-container-core-columns-is-layout-9d6595d7 wp-block-columns-is-layout-flex\">\n<div class=\"wp-block-column is-layout-flow wp-block-column-is-layout-flow\">\n<p><a href=\"https:\/\/www.agir-ouestcotesdarmor.fr\/wp\/\" target=\"_blank\" rel=\"noreferrer noopener\">Retour<\/a><\/p>\n<\/div>\n\n\n\n<div class=\"wp-block-column is-layout-flow wp-block-column-is-layout-flow\">\n<p class=\"has-text-align-right\"><a href=\"https:\/\/www.agir-ouestcotesdarmor.fr\/wp\/espace-adherent\/\">Haut de page<\/a><\/p>\n<\/div>\n<\/div>\n","protected":false},"excerpt":{"rendered":"<p>1) Pour b\u00e9n\u00e9ficier de nos services en tant que particulier : Je suis \u00e9tudiant(e) et j&rsquo;aimerais qu&rsquo;on m&rsquo;aide \u00e0 pr\u00e9parer des entretiens en vue d&rsquo;un stage ou d&rsquo;un premier emploi : Simulation d&rsquo;entretiens d&#8217;embauche; je suis inscrit(e) \u00e0 Pole Emploi et j&rsquo;ai besoin notamment de conseils pour me pr\u00e9senter, refaire mon CV ou r\u00e9diger une [&hellip;]<\/p>\n","protected":false},"author":4,"featured_media":0,"parent":0,"menu_order":0,"comment_status":"closed","ping_status":"closed","template":"","meta":{"footnotes":""},"class_list":["post-39","page","type-page","status-publish","hentry"],"_links":{"self":[{"href":"https:\/\/www.agir-ouestcotesdarmor.fr\/wp\/wp-json\/wp\/v2\/pages\/39","targetHints":{"allow":["GET"]}}],"collection":[{"href":"https:\/\/www.agir-ouestcotesdarmor.fr\/wp\/wp-json\/wp\/v2\/pages"}],"about":[{"href":"https:\/\/www.agir-ouestcotesdarmor.fr\/wp\/wp-json\/wp\/v2\/types\/page"}],"author":[{"embeddable":true,"href":"https:\/\/www.agir-ouestcotesdarmor.fr\/wp\/wp-json\/wp\/v2\/users\/4"}],"replies":[{"embeddable":true,"href":"https:\/\/www.agir-ouestcotesdarmor.fr\/wp\/wp-json\/wp\/v2\/comments?post=39"}],"version-history":[{"count":4,"href":"https:\/\/www.agir-ouestcotesdarmor.fr\/wp\/wp-json\/wp\/v2\/pages\/39\/revisions"}],"predecessor-version":[{"id":942,"href":"https:\/\/www.agir-ouestcotesdarmor.fr\/wp\/wp-json\/wp\/v2\/pages\/39\/revisions\/942"}],"wp:attachment":[{"href":"https:\/\/www.agir-ouestcotesdarmor.fr\/wp\/wp-json\/wp\/v2\/media?parent=39"}],"curies":[{"name":"wp","href":"https:\/\/api.w.org\/{rel}","templated":true}]}}